{"id":2002,"date":"2021-05-07T13:31:49","date_gmt":"2021-05-07T13:31:49","guid":{"rendered":"https:\/\/www.guides-belleville.com\/ete\/?page_id=2002"},"modified":"2021-10-21T13:01:57","modified_gmt":"2021-10-21T13:01:57","slug":"mentions-legales","status":"publish","type":"page","link":"https:\/\/www.guides-belleville.com\/ete\/bureau-guides-belleville-st_martin-menuires-val_thorens\/informations-reglementaires\/mentions-legales\/","title":{"rendered":"Mentions l\u00e9gales"},"content":{"rendered":"\n<h2 class=\"wp-block-heading\">Qui sommes-nous&nbsp;?<\/h2>\n\n\n\n<p>Le bureau des guides et accompagnateur de la vall\u00e9es des Belleville est un syndicat local regroupant des guides de haute montagne, accompagnateurs en montagne, moniteurs VTT, guides de canyon et op\u00e9rateurs de parcours en hauteur. Tous ces professionnels exercent leur activit\u00e9 comme ind\u00e9pendant.<br><br>Nous proposons en \u00e9t\u00e9 des activit\u00e9s sportives en montagnes dans la vall\u00e9e des Belleville en Savoie (73), incluant les stations de Saint Martin de Belleville, Les Menuires et Val Thorens.<br><br>Notre bureau principal est situ\u00e9 \u00e0 :<br>La Croisette | Les Menuires | 73440 LES BELLEVILLE<br><br>Notre directeur et repr\u00e9sentant est  M. Gabriel JAY<br><br>Nous sommes joignables toute l&rsquo;ann\u00e9e : <a href=\"https:\/\/www.guides-belleville.com\/ete\/contacts\/\" data-type=\"page\" data-id=\"7\">nous contacter<\/a> <br><br>L\u2019adresse de notre site est\u00a0: https:\/\/www.guides-belleville.com<br>Il a \u00e9t\u00e9 d\u00e9velopp\u00e9 et est maintenu par  M. Thomas BALAY<br><br>Il est h\u00e9berg\u00e9 chez o2switch sur des serveurs situ\u00e9s \u00e0 Clermont-Ferrand en France :<br>o2switch &#8211; https:\/\/www.o2switch.fr<br>Siret : 510 909 807 00024 | RCS Clermont Ferrand | SARL au capital de 100 000\u20ac<br>Op\u00e9rateur T\u00e9l\u00e9com d\u00e9clar\u00e9 ARCEP | 09\/2989 &#8211; AS50474<br>o2switch est une soci\u00e9t\u00e9 du groupe Zohey | SAS au capital de 8 000 000\u20ac<\/p>\n","protected":false},"excerpt":{"rendered":"<p>Qui sommes-nous&nbsp;? Le bureau des guides et accompagnateur de la vall\u00e9es des Belleville est un syndicat local regroupant des guides de haute montagne, accompagnateurs en montagne, moniteurs VTT, guides de canyon et op\u00e9rateurs de parcours en hauteur. Tous ces professionnels exercent leur activit\u00e9 comme ind\u00e9pendant. Nous proposons en \u00e9t\u00e9 des activit\u00e9s sportives en montagnes dans&hellip; <a class=\"more-link\" href=\"https:\/\/www.guides-belleville.com\/ete\/bureau-guides-belleville-st_martin-menuires-val_thorens\/informations-reglementaires\/mentions-legales\/\">Poursuivre la lecture <span class=\"screen-reader-text\">Mentions l\u00e9gales<\/span><\/a><\/p>\n","protected":false},"author":1,"featured_media":0,"parent":2008,"menu_order":0,"comment_status":"closed","ping_status":"closed","template":"","meta":{"footnotes":""},"class_list":["post-2002","page","type-page","status-publish","hentry","entry"],"jetpack_sharing_enabled":true,"_links":{"self":[{"href":"https:\/\/www.guides-belleville.com\/ete\/wp-json\/wp\/v2\/pages\/2002","targetHints":{"allow":["GET"]}}],"collection":[{"href":"https:\/\/www.guides-belleville.com\/ete\/wp-json\/wp\/v2\/pages"}],"about":[{"href":"https:\/\/www.guides-belleville.com\/ete\/wp-json\/wp\/v2\/types\/page"}],"author":[{"embeddable":true,"href":"https:\/\/www.guides-belleville.com\/ete\/wp-json\/wp\/v2\/users\/1"}],"replies":[{"embeddable":true,"href":"https:\/\/www.guides-belleville.com\/ete\/wp-json\/wp\/v2\/comments?post=2002"}],"version-history":[{"count":5,"href":"https:\/\/www.guides-belleville.com\/ete\/wp-json\/wp\/v2\/pages\/2002\/revisions"}],"predecessor-version":[{"id":4606,"href":"https:\/\/www.guides-belleville.com\/ete\/wp-json\/wp\/v2\/pages\/2002\/revisions\/4606"}],"up":[{"embeddable":true,"href":"https:\/\/www.guides-belleville.com\/ete\/wp-json\/wp\/v2\/pages\/2008"}],"wp:attachment":[{"href":"https:\/\/www.guides-belleville.com\/ete\/wp-json\/wp\/v2\/media?parent=2002"}],"curies":[{"name":"wp","href":"https:\/\/api.w.org\/{rel}","templated":true}]}}