{"id":2005,"date":"2021-05-07T13:39:03","date_gmt":"2021-05-07T13:39:03","guid":{"rendered":"https:\/\/www.guides-belleville.com\/ete\/?page_id=2005"},"modified":"2025-05-26T16:06:26","modified_gmt":"2025-05-26T16:06:26","slug":"credits-photos","status":"publish","type":"page","link":"https:\/\/www.guides-belleville.com\/ete\/bureau-guides-belleville-st_martin-menuires-val_thorens\/informations-reglementaires\/credits-photos\/","title":{"rendered":"Cr\u00e9dits photos"},"content":{"rendered":"\n<p>La plupart des photos sont issues des m\u00e9diath\u00e8ques mis \u00e0 disposition par les Offices du Tourisme de Saint Martin de Belleville, Les Menuires et Val Thorens. Les autres ont \u00e9t\u00e9 prises par les membres du bureau des guides de la vall\u00e9e des Belleville. Certaines photos signal\u00e9es ont \u00e9t\u00e9 g\u00e9n\u00e9r\u00e9e par IA.<br><br><strong>Arri\u00e8res plan des pages<\/strong><br>G\u00e9n\u00e9ral : <em>Lac de Montfiot<\/em> \u00a9 OT Les Menuires Saint Martin<br>Activit\u00e9s VTT : <em>VTT Crosscountry <\/em>\u00a9 Jeremy BERNARD<br>Activit\u00e9s randonn\u00e9e : <em>Randonn\u00e9e avec le bureau des guides<\/em> \u00a9 Vincent LOTTENBERG<br>Activit\u00e9s montagne aventure : <em>Parcours aventure<\/em> \u00a9 I. Zeller &#8211; OT Val Thorens<br>Activit\u00e9s eaux-vives : <em>Canyoning<\/em> \u00a9 Vincent LOTTENBERG<br>Activit\u00e9s haute-montagne : <em>GoPro Rando Glaciaire<\/em> \u00a9 C. Ducruet &#8211; OT Val Thorens<br>Activit\u00e9s tyrolienne : <em>F\u00eate du Plan de l&rsquo;eau 2019<\/em> \u00a9 Vincent LOTTENBERG<br>Activit\u00e9s via ferrata : <em>Via Ferrata<\/em> \u00a9 Yann ALLEGRE<br>Activit\u00e9s famille : <em>Balade VTTAE en Famille<\/em> \u00a9 Jeremy BERNARD<br>Activit\u00e9s insolites : <em>Ciel \u00e9toil\u00e9 au Col de la Lune &#8211; \u00e9toiles<\/em> \u00a9 Vincent LOTTENBERG<br>Activit\u00e9s animaux : <em>Marmotte<\/em> \u00a9 Vincent LOTTENBERG<br>Activit\u00e9s escalade : <em>rando glaciaire<\/em> \u00a9 I. Zeller &#8211; OT Val Thorens<br>Activit\u00e9s patrimoine : <em>Gittamelon<\/em> \u00a9 Vincent LOTTENBERG<br>Activit\u00e9s enfants : <em>Lac de Pierre Blanche &#8211; Club Enfant Montagne<\/em> \u00a9 Thomas BALAY<br>Activit\u00e9s d\u00e9couverte : <em>Sortie avec le bureau des guides<\/em> \u00a9 Yann ALLEGRE<br>Activit\u00e9s aventure : <em>Bivouac au lac de Pierre Blanche<\/em> \u00a9 Vincent LOTTENBERG<br>Activit\u00e9s sensations : <em>Parcours aventure<\/em> \u00a9 I. Zeller &#8211; OT Val Thorens<br>Activit\u00e9s nouveaut\u00e9s : <em>Trail<\/em> \u00a9 Jeremy BERNARD<br>Activit\u00e9 d\u00e9gustation : <em>Beaufort<\/em> \u00a9 OT Les Menuires Saint-Martin<br>Activit\u00e9s engagement :<em> Mont Blanc<\/em> \u00a9 Didier Collomb<br>Station Val Thorens : <em>Vue a\u00e9rienne de la vall\u00e9e <\/em> \u00a9 Jean-Pierre NOISILLIER nuts.fr<br>Station Les Menuires : <em>Vue station depuis le Sentier Bernadette<\/em> \u00a9 Vincent LOTTENBERG<br>Station Saint Martin : <em>Vues de Saint Martin<\/em> \u00a9 Yann ALLEGRE<br>Un peu d&rsquo;histoire : <em>ann\u00e9es 70<\/em> \u00a9 Pierre Jesset<br><br><strong>Activit\u00e9s<\/strong><br>Course d&rsquo;orientation : <em>Parcours d&rsquo;orientation Plan de l&rsquo;eau<\/em> \u00a9 Catherine BUSINARO<\/p>\n","protected":false},"excerpt":{"rendered":"<p>La plupart des photos sont issues des m\u00e9diath\u00e8ques mis \u00e0 disposition par les Offices du Tourisme de Saint Martin de Belleville, Les Menuires et Val Thorens. Les autres ont \u00e9t\u00e9 prises par les membres du bureau des guides de la vall\u00e9e des Belleville. Certaines photos signal\u00e9es ont \u00e9t\u00e9 g\u00e9n\u00e9r\u00e9e par IA. Arri\u00e8res plan des pagesG\u00e9n\u00e9ral&hellip; <a class=\"more-link\" href=\"https:\/\/www.guides-belleville.com\/ete\/bureau-guides-belleville-st_martin-menuires-val_thorens\/informations-reglementaires\/credits-photos\/\">Poursuivre la lecture <span class=\"screen-reader-text\">Cr\u00e9dits photos<\/span><\/a><\/p>\n","protected":false},"author":1,"featured_media":0,"parent":2008,"menu_order":0,"comment_status":"closed","ping_status":"closed","template":"","meta":{"footnotes":""},"class_list":["post-2005","page","type-page","status-publish","hentry","entry"],"jetpack_sharing_enabled":true,"_links":{"self":[{"href":"https:\/\/www.guides-belleville.com\/ete\/wp-json\/wp\/v2\/pages\/2005","targetHints":{"allow":["GET"]}}],"collection":[{"href":"https:\/\/www.guides-belleville.com\/ete\/wp-json\/wp\/v2\/pages"}],"about":[{"href":"https:\/\/www.guides-belleville.com\/ete\/wp-json\/wp\/v2\/types\/page"}],"author":[{"embeddable":true,"href":"https:\/\/www.guides-belleville.com\/ete\/wp-json\/wp\/v2\/users\/1"}],"replies":[{"embeddable":true,"href":"https:\/\/www.guides-belleville.com\/ete\/wp-json\/wp\/v2\/comments?post=2005"}],"version-history":[{"count":6,"href":"https:\/\/www.guides-belleville.com\/ete\/wp-json\/wp\/v2\/pages\/2005\/revisions"}],"predecessor-version":[{"id":21006,"href":"https:\/\/www.guides-belleville.com\/ete\/wp-json\/wp\/v2\/pages\/2005\/revisions\/21006"}],"up":[{"embeddable":true,"href":"https:\/\/www.guides-belleville.com\/ete\/wp-json\/wp\/v2\/pages\/2008"}],"wp:attachment":[{"href":"https:\/\/www.guides-belleville.com\/ete\/wp-json\/wp\/v2\/media?parent=2005"}],"curies":[{"name":"wp","href":"https:\/\/api.w.org\/{rel}","templated":true}]}}