{"id":223,"date":"2021-03-27T14:40:31","date_gmt":"2021-03-27T14:40:31","guid":{"rendered":"https:\/\/www.guides-belleville.com\/ete\/?page_id=223"},"modified":"2021-05-10T16:38:39","modified_gmt":"2021-05-10T16:38:39","slug":"activites","status":"publish","type":"page","link":"https:\/\/www.guides-belleville.com\/ete\/activites\/","title":{"rendered":"categorie d&rsquo;activites"},"content":{"rendered":"\n<p>descriptif cat\u00e9gorie activit\u00e9s<\/p>\n\n\n\n<p>liste des activit\u00e9s de la cat\u00e9gorie<\/p>\n","protected":false},"excerpt":{"rendered":"<p>descriptif cat\u00e9gorie activit\u00e9s liste des activit\u00e9s de la cat\u00e9gorie<\/p>\n","protected":false},"author":1,"featured_media":0,"parent":0,"menu_order":100,"comment_status":"closed","ping_status":"closed","template":"","meta":{"footnotes":""},"class_list":["post-223","page","type-page","status-publish","hentry","entry"],"jetpack_sharing_enabled":true,"_links":{"self":[{"href":"https:\/\/www.guides-belleville.com\/ete\/wp-json\/wp\/v2\/pages\/223","targetHints":{"allow":["GET"]}}],"collection":[{"href":"https:\/\/www.guides-belleville.com\/ete\/wp-json\/wp\/v2\/pages"}],"about":[{"href":"https:\/\/www.guides-belleville.com\/ete\/wp-json\/wp\/v2\/types\/page"}],"author":[{"embeddable":true,"href":"https:\/\/www.guides-belleville.com\/ete\/wp-json\/wp\/v2\/users\/1"}],"replies":[{"embeddable":true,"href":"https:\/\/www.guides-belleville.com\/ete\/wp-json\/wp\/v2\/comments?post=223"}],"version-history":[{"count":6,"href":"https:\/\/www.guides-belleville.com\/ete\/wp-json\/wp\/v2\/pages\/223\/revisions"}],"predecessor-version":[{"id":972,"href":"https:\/\/www.guides-belleville.com\/ete\/wp-json\/wp\/v2\/pages\/223\/revisions\/972"}],"wp:attachment":[{"href":"https:\/\/www.guides-belleville.com\/ete\/wp-json\/wp\/v2\/media?parent=223"}],"curies":[{"name":"wp","href":"https:\/\/api.w.org\/{rel}","templated":true}]}}