{"id":25483,"date":"2026-05-12T13:51:41","date_gmt":"2026-05-12T13:51:41","guid":{"rendered":"https:\/\/www.guides-belleville.com\/ete\/?page_id=25483"},"modified":"2026-05-12T13:51:43","modified_gmt":"2026-05-12T13:51:43","slug":"activities","status":"publish","type":"page","link":"https:\/\/www.guides-belleville.com\/ete\/en\/activities\/","title":{"rendered":"activities category"},"content":{"rendered":"\n<p>descriptif cat\u00e9gorie activit\u00e9s EN<\/p>\n\n\n\n<p>liste des activit\u00e9s de la cat\u00e9gorie EN<\/p>\n\n\n\n<p><\/p>\n","protected":false},"excerpt":{"rendered":"<p>descriptif cat\u00e9gorie activit\u00e9s EN liste des activit\u00e9s de la cat\u00e9gorie EN<\/p>\n","protected":false},"author":1,"featured_media":0,"parent":0,"menu_order":100,"comment_status":"closed","ping_status":"closed","template":"","meta":{"footnotes":""},"class_list":["post-25483","page","type-page","status-publish","hentry","entry"],"jetpack_sharing_enabled":true,"_links":{"self":[{"href":"https:\/\/www.guides-belleville.com\/ete\/wp-json\/wp\/v2\/pages\/25483","targetHints":{"allow":["GET"]}}],"collection":[{"href":"https:\/\/www.guides-belleville.com\/ete\/wp-json\/wp\/v2\/pages"}],"about":[{"href":"https:\/\/www.guides-belleville.com\/ete\/wp-json\/wp\/v2\/types\/page"}],"author":[{"embeddable":true,"href":"https:\/\/www.guides-belleville.com\/ete\/wp-json\/wp\/v2\/users\/1"}],"replies":[{"embeddable":true,"href":"https:\/\/www.guides-belleville.com\/ete\/wp-json\/wp\/v2\/comments?post=25483"}],"version-history":[{"count":1,"href":"https:\/\/www.guides-belleville.com\/ete\/wp-json\/wp\/v2\/pages\/25483\/revisions"}],"predecessor-version":[{"id":25484,"href":"https:\/\/www.guides-belleville.com\/ete\/wp-json\/wp\/v2\/pages\/25483\/revisions\/25484"}],"wp:attachment":[{"href":"https:\/\/www.guides-belleville.com\/ete\/wp-json\/wp\/v2\/media?parent=25483"}],"curies":[{"name":"wp","href":"https:\/\/api.w.org\/{rel}","templated":true}]}}