{"id":653,"date":"2021-04-05T17:15:18","date_gmt":"2021-04-05T17:15:18","guid":{"rendered":"https:\/\/www.guides-belleville.com\/ete\/?page_id=653"},"modified":"2021-10-18T13:59:49","modified_gmt":"2021-10-18T13:59:49","slug":"partenaires","status":"publish","type":"page","link":"https:\/\/www.guides-belleville.com\/ete\/bureau-guides-belleville-st_martin-menuires-val_thorens\/partenaires\/","title":{"rendered":"Partenaires"},"content":{"rendered":"\n<div class=\"wp-block-columns is-layout-flex wp-container-core-columns-is-layout-9d6595d7 wp-block-columns-is-layout-flex\">\n<div class=\"wp-block-column is-layout-flow wp-block-column-is-layout-flow\">\n<h4 class=\"wp-block-heading\">Les refuges de la vall\u00e9e des Belleville<\/h4>\n\n\n\n<figure class=\"wp-block-image size-full\"><a href=\"https:\/\/refugedulacdulou.com\/\" target=\"_blank\" rel=\"noopener\"><img loading=\"lazy\" decoding=\"async\" width=\"300\" height=\"200\" data-attachment-id=\"661\" data-permalink=\"https:\/\/www.guides-belleville.com\/ete\/logo-refuge-du-lac-du-lou-300x200\/\" data-orig-file=\"https:\/\/www.guides-belleville.com\/ete\/wp-content\/uploads\/1617\/43\/logo-refuge-du-lac-du-lou-300x200-1.png\" data-orig-size=\"300,200\" data-comments-opened=\"1\" data-image-meta=\"{&quot;aperture&quot;:&quot;0&quot;,&quot;credit&quot;:&quot;&quot;,&quot;camera&quot;:&quot;&quot;,&quot;caption&quot;:&quot;&quot;,&quot;created_timestamp&quot;:&quot;0&quot;,&quot;copyright&quot;:&quot;&quot;,&quot;focal_length&quot;:&quot;0&quot;,&quot;iso&quot;:&quot;0&quot;,&quot;shutter_speed&quot;:&quot;0&quot;,&quot;title&quot;:&quot;&quot;,&quot;orientation&quot;:&quot;0&quot;}\" data-image-title=\"logo-refuge-du-lac-du-lou-300&amp;#215;200\" data-image-description=\"\" data-image-caption=\"\" data-large-file=\"https:\/\/www.guides-belleville.com\/ete\/wp-content\/uploads\/1617\/43\/logo-refuge-du-lac-du-lou-300x200-1.png\" src=\"https:\/\/www.guides-belleville.com\/ete\/wp-content\/uploads\/1617\/43\/logo-refuge-du-lac-du-lou-300x200-1.png\" alt=\"Refuge du Lac du Lou\" class=\"wp-image-661\"\/><\/a><figcaption><a href=\"https:\/\/refugedulacdulou.com\/\" target=\"_blank\" rel=\"noreferrer noopener\">Lac du Lou<\/a><\/figcaption><\/figure>\n\n\n\n<figure class=\"wp-block-image size-full\"><img loading=\"lazy\" decoding=\"async\" width=\"300\" height=\"200\" data-attachment-id=\"660\" data-permalink=\"https:\/\/www.guides-belleville.com\/ete\/logo-refuge-danchet-trait-union-300x200\/\" data-orig-file=\"https:\/\/www.guides-belleville.com\/ete\/wp-content\/uploads\/1617\/43\/logo-refuge-danchet-trait-union-300x200-1.png\" data-orig-size=\"300,200\" data-comments-opened=\"1\" data-image-meta=\"{&quot;aperture&quot;:&quot;0&quot;,&quot;credit&quot;:&quot;&quot;,&quot;camera&quot;:&quot;&quot;,&quot;caption&quot;:&quot;&quot;,&quot;created_timestamp&quot;:&quot;0&quot;,&quot;copyright&quot;:&quot;&quot;,&quot;focal_length&quot;:&quot;0&quot;,&quot;iso&quot;:&quot;0&quot;,&quot;shutter_speed&quot;:&quot;0&quot;,&quot;title&quot;:&quot;&quot;,&quot;orientation&quot;:&quot;0&quot;}\" data-image-title=\"logo-refuge-danchet-trait-union-300&amp;#215;200\" data-image-description=\"\" data-image-caption=\"\" data-large-file=\"https:\/\/www.guides-belleville.com\/ete\/wp-content\/uploads\/1617\/43\/logo-refuge-danchet-trait-union-300x200-1.png\" src=\"https:\/\/www.guides-belleville.com\/ete\/wp-content\/uploads\/1617\/43\/logo-refuge-danchet-trait-union-300x200-1.png\" alt=\"Refuge le Trait d'Union - Le Danchet\" class=\"wp-image-660\"\/><figcaption><a href=\"https:\/\/www.letraitdunion-les3vallees.fr\/\" data-type=\"URL\" data-id=\"https:\/\/www.letraitdunion-les3vallees.fr\/\" target=\"_blank\" rel=\"noreferrer noopener\">le Trait d&rsquo;Union &#8211; le Danchet<\/a><\/figcaption><\/figure>\n\n\n\n<figure class=\"wp-block-image size-full\"><img loading=\"lazy\" decoding=\"async\" width=\"300\" height=\"200\" data-attachment-id=\"662\" data-permalink=\"https:\/\/www.guides-belleville.com\/ete\/logo-refuge-plan-lombardie-300x200\/\" data-orig-file=\"https:\/\/www.guides-belleville.com\/ete\/wp-content\/uploads\/1617\/43\/logo-refuge-plan-lombardie-300x200-1.png\" data-orig-size=\"300,200\" data-comments-opened=\"1\" data-image-meta=\"{&quot;aperture&quot;:&quot;0&quot;,&quot;credit&quot;:&quot;&quot;,&quot;camera&quot;:&quot;&quot;,&quot;caption&quot;:&quot;&quot;,&quot;created_timestamp&quot;:&quot;0&quot;,&quot;copyright&quot;:&quot;&quot;,&quot;focal_length&quot;:&quot;0&quot;,&quot;iso&quot;:&quot;0&quot;,&quot;shutter_speed&quot;:&quot;0&quot;,&quot;title&quot;:&quot;&quot;,&quot;orientation&quot;:&quot;0&quot;}\" data-image-title=\"logo-refuge-plan-lombardie-300&amp;#215;200\" data-image-description=\"\" data-image-caption=\"\" data-large-file=\"https:\/\/www.guides-belleville.com\/ete\/wp-content\/uploads\/1617\/43\/logo-refuge-plan-lombardie-300x200-1.png\" src=\"https:\/\/www.guides-belleville.com\/ete\/wp-content\/uploads\/1617\/43\/logo-refuge-plan-lombardie-300x200-1.png\" alt=\"\" class=\"wp-image-662\"\/><figcaption><a rel=\"noreferrer noopener\" href=\"http:\/\/refugeplanlombardie.com\/\" target=\"_blank\">Plan de Lombardi<\/a><a href=\"http:\/\/refugeplanlombardie.com\/\" target=\"_blank\" rel=\"noreferrer noopener\">e<\/a><\/figcaption><\/figure>\n\n\n\n<h5 class=\"wp-block-heading\"><a rel=\"noreferrer noopener\" href=\"https:\/\/www.refuge-gittamelon.fr\/\" target=\"_blank\">Gitammelon<\/a><\/h5>\n<\/div>\n\n\n\n<div class=\"wp-block-column is-layout-flow wp-block-column-is-layout-flow\">\n<h4 class=\"wp-block-heading\">Agriculteurs<\/h4>\n\n\n\n<h5 class=\"has-text-align-center wp-block-heading\"><a rel=\"noreferrer noopener\" href=\"https:\/\/saintmartindebelleville.tumblr.com\/post\/115939059911\/saveurs-1\" target=\"_blank\">Ferme \u201cLa Trantsa\u201d<\/a><\/h5>\n\n\n\n<figure class=\"wp-block-image size-large\"><a href=\"https:\/\/www.chezpepenicolas.com\/3-11\/ferme-d-alpage\/ferme-du-restaurant-de-val-thorens\/\" target=\"_blank\" rel=\"noopener\"><img loading=\"lazy\" decoding=\"async\" width=\"197\" height=\"190\" data-attachment-id=\"909\" data-permalink=\"https:\/\/www.guides-belleville.com\/ete\/bureau-guides-belleville-st_martin-menuires-val_thorens\/partenaires\/logo-pepe-nicolas-300x200-1\/\" data-orig-file=\"https:\/\/www.guides-belleville.com\/ete\/wp-content\/uploads\/2021\/04\/logo-pepe-nicolas-300x200-1.png\" data-orig-size=\"197,190\" data-comments-opened=\"1\" data-image-meta=\"{&quot;aperture&quot;:&quot;0&quot;,&quot;credit&quot;:&quot;&quot;,&quot;camera&quot;:&quot;&quot;,&quot;caption&quot;:&quot;&quot;,&quot;created_timestamp&quot;:&quot;0&quot;,&quot;copyright&quot;:&quot;&quot;,&quot;focal_length&quot;:&quot;0&quot;,&quot;iso&quot;:&quot;0&quot;,&quot;shutter_speed&quot;:&quot;0&quot;,&quot;title&quot;:&quot;&quot;,&quot;orientation&quot;:&quot;0&quot;}\" data-image-title=\"logo-pepe-nicolas-300&amp;#215;200-1\" data-image-description=\"\" data-image-caption=\"\" data-large-file=\"https:\/\/www.guides-belleville.com\/ete\/wp-content\/uploads\/2021\/04\/logo-pepe-nicolas-300x200-1.png\" src=\"https:\/\/www.guides-belleville.com\/ete\/wp-content\/uploads\/2021\/04\/logo-pepe-nicolas-300x200-1.png\" alt=\"\" class=\"wp-image-909\"\/><\/a><figcaption>Ferme d&rsquo;alpage<br>\u00ab\u00a0<a href=\"https:\/\/www.chezpepenicolas.com\/3-11\/ferme-d-alpage\/ferme-du-restaurant-de-val-thorens\/\" target=\"_blank\" rel=\"noreferrer noopener\">Chez P\u00e9p\u00e9 Nicolas\u00a0\u00bb<\/a><\/figcaption><\/figure>\n\n\n\n<h4 class=\"wp-block-heading\">Location de VTT<\/h4>\n\n\n\n<h5 class=\"has-text-align-center wp-block-heading\">ski top<\/h5>\n\n\n\n<h5 class=\"has-text-align-center wp-block-heading\">skiset<\/h5>\n\n\n\n<h4 class=\"wp-block-heading\">Location de mat\u00e9riel de montagne<\/h4>\n\n\n\n<h5 class=\"has-text-align-center wp-block-heading\">ski top<\/h5>\n<\/div>\n\n\n\n<div class=\"wp-block-column is-layout-flow wp-block-column-is-layout-flow\">\n<h4 class=\"wp-block-heading\">La tenue des guides et accompagnateurs<\/h4>\n\n\n\n<figure class=\"wp-block-image size-full\"><a href=\"https:\/\/www.lagoped.com\/\" target=\"_blank\" rel=\"noopener\"><img loading=\"lazy\" decoding=\"async\" width=\"300\" height=\"200\" data-attachment-id=\"659\" data-permalink=\"https:\/\/www.guides-belleville.com\/ete\/logo-lagoped-300x200\/\" data-orig-file=\"https:\/\/www.guides-belleville.com\/ete\/wp-content\/uploads\/1617\/43\/logo-lagoped-300x200-1.png\" data-orig-size=\"300,200\" data-comments-opened=\"1\" data-image-meta=\"{&quot;aperture&quot;:&quot;0&quot;,&quot;credit&quot;:&quot;&quot;,&quot;camera&quot;:&quot;&quot;,&quot;caption&quot;:&quot;&quot;,&quot;created_timestamp&quot;:&quot;0&quot;,&quot;copyright&quot;:&quot;&quot;,&quot;focal_length&quot;:&quot;0&quot;,&quot;iso&quot;:&quot;0&quot;,&quot;shutter_speed&quot;:&quot;0&quot;,&quot;title&quot;:&quot;&quot;,&quot;orientation&quot;:&quot;0&quot;}\" data-image-title=\"logo-lagoped-300&amp;#215;200\" data-image-description=\"\" data-image-caption=\"\" data-large-file=\"https:\/\/www.guides-belleville.com\/ete\/wp-content\/uploads\/1617\/43\/logo-lagoped-300x200-1.png\" src=\"https:\/\/www.guides-belleville.com\/ete\/wp-content\/uploads\/1617\/43\/logo-lagoped-300x200-1.png\" alt=\"Lagoped\nV\u00eatements recycl\u00e9s fabriqu\u00e9s pas loin\npour la vie au grand air\" class=\"wp-image-659\"\/><\/a><figcaption><a href=\"https:\/\/www.lagoped.com\/\" target=\"_blank\" rel=\"noreferrer noopener\">Lagoped<\/a><br>V\u00eatements recycl\u00e9s fabriqu\u00e9s pas loin pour la vie au grand air<\/figcaption><\/figure>\n\n\n\n<figure class=\"wp-block-image size-large\"><a href=\"https:\/\/naturalpeak.fr\/\" target=\"_blank\" rel=\"noopener\"><img loading=\"lazy\" decoding=\"async\" width=\"300\" height=\"200\" data-attachment-id=\"902\" data-permalink=\"https:\/\/www.guides-belleville.com\/ete\/bureau-guides-belleville-st_martin-menuires-val_thorens\/partenaires\/logo-natural-peak-300x200\/\" data-orig-file=\"https:\/\/www.guides-belleville.com\/ete\/wp-content\/uploads\/2021\/04\/logo-natural-peak-300x200-1.png\" data-orig-size=\"300,200\" data-comments-opened=\"1\" data-image-meta=\"{&quot;aperture&quot;:&quot;0&quot;,&quot;credit&quot;:&quot;&quot;,&quot;camera&quot;:&quot;&quot;,&quot;caption&quot;:&quot;&quot;,&quot;created_timestamp&quot;:&quot;0&quot;,&quot;copyright&quot;:&quot;&quot;,&quot;focal_length&quot;:&quot;0&quot;,&quot;iso&quot;:&quot;0&quot;,&quot;shutter_speed&quot;:&quot;0&quot;,&quot;title&quot;:&quot;&quot;,&quot;orientation&quot;:&quot;0&quot;}\" data-image-title=\"logo-natural-peak-300&amp;#215;200\" data-image-description=\"\" data-image-caption=\"\" data-large-file=\"https:\/\/www.guides-belleville.com\/ete\/wp-content\/uploads\/2021\/04\/logo-natural-peak-300x200-1.png\" src=\"https:\/\/www.guides-belleville.com\/ete\/wp-content\/uploads\/2021\/04\/logo-natural-peak-300x200-1.png\" alt=\"Natural Peak\nV\u00eatements techniques et \u00e9cologiques\" class=\"wp-image-902\"\/><\/a><figcaption><a href=\"https:\/\/naturalpeak.fr\/\" target=\"_blank\" rel=\"noreferrer noopener\">Natural Peak<\/a><br>V\u00eatements techniques et \u00e9cologiques<\/figcaption><\/figure>\n<\/div>\n<\/div>\n","protected":false},"excerpt":{"rendered":"<p>Les refuges de la vall\u00e9e des Belleville Gitammelon Agriculteurs Ferme \u201cLa Trantsa\u201d Location de VTT ski top skiset Location de mat\u00e9riel de montagne ski top La tenue des guides et accompagnateurs<\/p>\n","protected":false},"author":1,"featured_media":0,"parent":2642,"menu_order":0,"comment_status":"closed","ping_status":"closed","template":"","meta":{"footnotes":""},"class_list":["post-653","page","type-page","status-publish","hentry","entry"],"jetpack_sharing_enabled":true,"_links":{"self":[{"href":"https:\/\/www.guides-belleville.com\/ete\/wp-json\/wp\/v2\/pages\/653","targetHints":{"allow":["GET"]}}],"collection":[{"href":"https:\/\/www.guides-belleville.com\/ete\/wp-json\/wp\/v2\/pages"}],"about":[{"href":"https:\/\/www.guides-belleville.com\/ete\/wp-json\/wp\/v2\/types\/page"}],"author":[{"embeddable":true,"href":"https:\/\/www.guides-belleville.com\/ete\/wp-json\/wp\/v2\/users\/1"}],"replies":[{"embeddable":true,"href":"https:\/\/www.guides-belleville.com\/ete\/wp-json\/wp\/v2\/comments?post=653"}],"version-history":[{"count":19,"href":"https:\/\/www.guides-belleville.com\/ete\/wp-json\/wp\/v2\/pages\/653\/revisions"}],"predecessor-version":[{"id":4603,"href":"https:\/\/www.guides-belleville.com\/ete\/wp-json\/wp\/v2\/pages\/653\/revisions\/4603"}],"up":[{"embeddable":true,"href":"https:\/\/www.guides-belleville.com\/ete\/wp-json\/wp\/v2\/pages\/2642"}],"wp:attachment":[{"href":"https:\/\/www.guides-belleville.com\/ete\/wp-json\/wp\/v2\/media?parent=653"}],"curies":[{"name":"wp","href":"https:\/\/api.w.org\/{rel}","templated":true}]}}