{"id":9278,"date":"2023-07-06T07:14:38","date_gmt":"2023-07-06T07:14:38","guid":{"rendered":"https:\/\/www.guides-belleville.com\/ete\/imprint\/"},"modified":"2023-07-06T07:14:38","modified_gmt":"2023-07-06T07:14:38","slug":"imprint","status":"publish","type":"page","link":"https:\/\/www.guides-belleville.com\/ete\/imprint\/","title":{"rendered":"Imprint"},"content":{"rendered":"\n<!-- Legal document generated by Complianz | GDPR\/CCPA Cookie Consent https:\/\/wordpress.org\/plugins\/complianz-gdpr -->\n<div id=\"cmplz-document\" class=\"cmplz-document impressum cmplz-document-all\"><p><i>Cette imprint a \u00e9t\u00e9 mise \u00e0 jour pour la derni\u00e8re fois le 17 juillet 2025.<\/i><\/p><p class=\"cmplz-subtitle\">Le propri\u00e9taire de ce site web est\u00a0:<\/p><p>SAS Belleville Travaux Nature Loisirs SAS<br>Immeuble l\u2019Adret \u2013 Gare Routi\u00e8re<br \/>\r\nLes Menuires<br \/>\r\n73440 LES BELLEVILLE<br>France<br>E-mail\u00a0:&nbsp;<span class=\"cmplz-obfuscate\">cont&#097;&#099;&#116;@<span class=\"cmplz-fmail-domain\">&#101;&#120;&#046;&#099;o&#109;<\/span>gui&#100;e&#115;&#045;&#098;&#101;l&#108;e&#118;i&#108;&#108;e.&#099;om<\/span><br>Num\u00e9ro de t\u00e9l\u00e9phone\u00a0: 04 69 96 55 15<br>ID TVA\u00a0:&nbsp;FR23901705343<\/p><p class=\"cmplz-subtitle\">Le(s) repr\u00e9sentant(s) l\u00e9gal(aux) de SAS Belleville Travaux Nature Loisirs SAS\u00a0:<\/p><p>Gabriel JAY<\/p><h2>1. G\u00e9n\u00e9ral<\/h2><p class=\"cmplz-subtitle\">1.1 Nous sommes enregistr\u00e9s chez R.C.S. Chamb\u00e9rv sous le num\u00e9ro de licence ou d\u2019enregistrement\u00a0:<\/p><p>901 705 343<\/p><p>Nous sommes dispos\u00e9s ou oblig\u00e9s de participer \u00e0 des proc\u00e9dures de r\u00e8glement des litiges devant une commission d\u2019arbitrage des consommateurs.<\/p><h2>2. Les informations suivantes sont obligatoires selon la loi allemande.<\/h2><p class=\"cmplz-subtitle\">2.1 Die Eigentumsanteile der Gesellschaft (Aktienkapital), die von ihr ausgegeben wurden:<\/p><p>1000\u20ac<\/p><\/div>","protected":false},"excerpt":{"rendered":"","protected":false},"author":1,"featured_media":0,"parent":0,"menu_order":0,"comment_status":"closed","ping_status":"closed","template":"","meta":{"footnotes":""},"class_list":["post-9278","page","type-page","status-publish","hentry","entry"],"jetpack_sharing_enabled":true,"_links":{"self":[{"href":"https:\/\/www.guides-belleville.com\/ete\/wp-json\/wp\/v2\/pages\/9278","targetHints":{"allow":["GET"]}}],"collection":[{"href":"https:\/\/www.guides-belleville.com\/ete\/wp-json\/wp\/v2\/pages"}],"about":[{"href":"https:\/\/www.guides-belleville.com\/ete\/wp-json\/wp\/v2\/types\/page"}],"author":[{"embeddable":true,"href":"https:\/\/www.guides-belleville.com\/ete\/wp-json\/wp\/v2\/users\/1"}],"replies":[{"embeddable":true,"href":"https:\/\/www.guides-belleville.com\/ete\/wp-json\/wp\/v2\/comments?post=9278"}],"version-history":[{"count":0,"href":"https:\/\/www.guides-belleville.com\/ete\/wp-json\/wp\/v2\/pages\/9278\/revisions"}],"wp:attachment":[{"href":"https:\/\/www.guides-belleville.com\/ete\/wp-json\/wp\/v2\/media?parent=9278"}],"curies":[{"name":"wp","href":"https:\/\/api.w.org\/{rel}","templated":true}]}}