{"id":314,"date":"2021-10-18T16:10:04","date_gmt":"2021-10-18T14:10:04","guid":{"rendered":"https:\/\/www.guides-belleville.com\/ski\/?page_id=314"},"modified":"2021-10-21T15:02:13","modified_gmt":"2021-10-21T13:02:13","slug":"mentions-legales","status":"publish","type":"page","link":"https:\/\/www.guides-belleville.com\/ski\/bureau-guides-belleville-val_thorens-menuires-st_martin\/informations-reglementaires\/mentions-legales\/","title":{"rendered":"Mentions l\u00e9gales"},"content":{"rendered":"\n<h2 class=\"wp-block-heading\">Qui sommes-nous&nbsp;?<\/h2>\n\n\n\n<p>Le bureau des guides de la vall\u00e9es des Belleville est un syndicat local regroupant des guides de haute montagne. Tous exercent leur activit\u00e9 comme ind\u00e9pendant.<br><br>Nous proposons en hiver des activit\u00e9s sportives en montagnes dans la vall\u00e9e des Belleville en Savoie (73), incluant les stations de Saint Martin de Belleville, Les Menuires et Val Thorens.<br><br>Notre bureau principal est situ\u00e9 \u00e0 :<br>La Croisette | Les Menuires | 73440 LES BELLEVILLE<br><br>Notre directeur et repr\u00e9sentant est M. Gabriel JAY<br><br>Nous sommes joignables toute l\u2019ann\u00e9e :  <a href=\"https:\/\/www.guides-belleville.com\/ski\/contacts\/\" data-type=\"page\" data-id=\"22\">nous contacter<\/a><br><br>L\u2019adresse de notre site est\u00a0: https:\/\/www.guides-belleville.com<br>Il a \u00e9t\u00e9 d\u00e9velopp\u00e9 et est maintenu par M. Thomas BALAY<br><br>Il est h\u00e9berg\u00e9 chez o2switch sur des serveurs situ\u00e9s \u00e0 Clermont-Ferrand en France :<br>o2switch \u2013 https:\/\/www.o2switch.fr<br>Siret : 510 909 807 00024 | RCS Clermont Ferrand | SARL au capital de 100 000\u20ac<br>Op\u00e9rateur T\u00e9l\u00e9com d\u00e9clar\u00e9 ARCEP | 09\/2989 \u2013 AS50474<br>o2switch est une soci\u00e9t\u00e9 du groupe Zohey | SAS au capital de 8 000 000\u20ac<\/p>\n","protected":false},"excerpt":{"rendered":"<p>Qui sommes-nous&nbsp;? Le bureau des guides de la vall\u00e9es des Belleville est un syndicat local regroupant des guides de haute montagne. Tous exercent leur activit\u00e9 comme ind\u00e9pendant. Nous proposons en hiver des activit\u00e9s sportives en montagnes dans la vall\u00e9e des Belleville en Savoie (73), incluant les stations de Saint Martin de Belleville, Les Menuires et&hellip; <a class=\"more-link\" href=\"https:\/\/www.guides-belleville.com\/ski\/bureau-guides-belleville-val_thorens-menuires-st_martin\/informations-reglementaires\/mentions-legales\/\">Poursuivre la lecture <span class=\"screen-reader-text\">Mentions l\u00e9gales<\/span><\/a><\/p>\n","protected":false},"author":1,"featured_media":0,"parent":268,"menu_order":0,"comment_status":"closed","ping_status":"closed","template":"","meta":{"footnotes":""},"class_list":["post-314","page","type-page","status-publish","hentry","entry"],"jetpack_sharing_enabled":true,"_links":{"self":[{"href":"https:\/\/www.guides-belleville.com\/ski\/wp-json\/wp\/v2\/pages\/314","targetHints":{"allow":["GET"]}}],"collection":[{"href":"https:\/\/www.guides-belleville.com\/ski\/wp-json\/wp\/v2\/pages"}],"about":[{"href":"https:\/\/www.guides-belleville.com\/ski\/wp-json\/wp\/v2\/types\/page"}],"author":[{"embeddable":true,"href":"https:\/\/www.guides-belleville.com\/ski\/wp-json\/wp\/v2\/users\/1"}],"replies":[{"embeddable":true,"href":"https:\/\/www.guides-belleville.com\/ski\/wp-json\/wp\/v2\/comments?post=314"}],"version-history":[{"count":2,"href":"https:\/\/www.guides-belleville.com\/ski\/wp-json\/wp\/v2\/pages\/314\/revisions"}],"predecessor-version":[{"id":378,"href":"https:\/\/www.guides-belleville.com\/ski\/wp-json\/wp\/v2\/pages\/314\/revisions\/378"}],"up":[{"embeddable":true,"href":"https:\/\/www.guides-belleville.com\/ski\/wp-json\/wp\/v2\/pages\/268"}],"wp:attachment":[{"href":"https:\/\/www.guides-belleville.com\/ski\/wp-json\/wp\/v2\/media?parent=314"}],"curies":[{"name":"wp","href":"https:\/\/api.w.org\/{rel}","templated":true}]}}